{"id":10594,"date":"2022-09-23T14:27:30","date_gmt":"2022-09-23T19:27:30","guid":{"rendered":"https:\/\/enlacescorporativos.com\/?page_id=10594"},"modified":"2024-01-24T16:19:27","modified_gmt":"2024-01-24T21:19:27","slug":"casos-de-exito","status":"publish","type":"page","link":"https:\/\/enlacescorporativos.com\/en\/casos-de-exito\/","title":{"rendered":"Success stories"},"content":{"rendered":"<div data-elementor-type=\"wp-post\" data-elementor-id=\"10594\" class=\"elementor elementor-10594\" data-elementor-post-type=\"page\">\n\t\t\t\t\t\t<section class=\"elementor-section elementor-top-section elementor-element elementor-element-55e7eec elementor-section-content-middle elementor-section-stretched elementor-section-full_width elementor-section-height-default elementor-section-height-default\" data-id=\"55e7eec\" data-element_type=\"section\" data-settings=\"{&quot;stretch_section&quot;:&quot;section-stretched&quot;}\">\n\t\t\t\t\t\t<div class=\"elementor-container elementor-column-gap-no\">\n\t\t\t\t\t<div class=\"elementor-column elementor-col-100 elementor-top-column elementor-element elementor-element-100b4d2b\" data-id=\"100b4d2b\" data-element_type=\"column\">\n\t\t\t<div class=\"elementor-widget-wrap elementor-element-populated\">\n\t\t\t\t\t\t<div class=\"elementor-element elementor-element-e276a8e elementor-widget elementor-widget-heading\" data-id=\"e276a8e\" data-element_type=\"widget\" data-widget_type=\"heading.default\">\n\t\t\t\t<div class=\"elementor-widget-container\">\n\t\t\t\t\t<h2 class=\"elementor-heading-title elementor-size-default\">The Corporate Links experience<br>from the voice of our clients<\/h2>\t\t\t\t<\/div>\n\t\t\t\t<\/div>\n\t\t\t\t<section class=\"elementor-section elementor-inner-section elementor-element elementor-element-a096f96 elementor-section-boxed elementor-section-height-default elementor-section-height-default\" data-id=\"a096f96\" data-element_type=\"section\">\n\t\t\t\t\t\t<div class=\"elementor-container elementor-column-gap-default\">\n\t\t\t\t\t<div class=\"elementor-column elementor-col-33 elementor-inner-column elementor-element elementor-element-1c4bed0 testimonio\" data-id=\"1c4bed0\" data-element_type=\"column\">\n\t\t\t<div class=\"elementor-widget-wrap elementor-element-populated\">\n\t\t\t\t\t\t<div class=\"elementor-element elementor-element-83616df elementor-position-left elementor-vertical-align-middle elementor-widget elementor-widget-image-box\" data-id=\"83616df\" data-element_type=\"widget\" data-widget_type=\"image-box.default\">\n\t\t\t\t<div class=\"elementor-widget-container\">\n\t\t\t\t\t<div class=\"elementor-image-box-wrapper\"><figure class=\"elementor-image-box-img\"><img fetchpriority=\"high\" decoding=\"async\" width=\"404\" height=\"336\" src=\"https:\/\/enlacescorporativos.com\/wp-content\/uploads\/2018\/10\/Heidi_Wosak_grnde.jpg\" class=\"attachment-full size-full wp-image-1574\" alt=\"\" srcset=\"https:\/\/enlacescorporativos.com\/wp-content\/uploads\/2018\/10\/Heidi_Wosak_grnde.jpg 404w, https:\/\/enlacescorporativos.com\/wp-content\/uploads\/2018\/10\/Heidi_Wosak_grnde-300x250.jpg 300w\" sizes=\"(max-width: 404px) 100vw, 404px\" \/><\/figure><div class=\"elementor-image-box-content\"><h3 class=\"elementor-image-box-title\">Heidi Wosak<\/h3><p class=\"elementor-image-box-description\">  AQR MLS<\/p><\/div><\/div>\t\t\t\t<\/div>\n\t\t\t\t<\/div>\n\t\t\t\t<div class=\"elementor-element elementor-element-d469155 elementor-widget elementor-widget-text-editor\" data-id=\"d469155\" data-element_type=\"widget\" data-widget_type=\"text-editor.default\">\n\t\t\t\t<div class=\"elementor-widget-container\">\n\t\t\t\t\t\t\t\t\t<p>Enlaces Corporativos offers a premium location which allows my clients to find me easily, park without hassle, while projecting a clean professional corporate image.<\/p>\t\t\t\t\t\t\t\t<\/div>\n\t\t\t\t<\/div>\n\t\t\t\t\t<\/div>\n\t\t<\/div>\n\t\t\t\t<div class=\"elementor-column elementor-col-33 elementor-inner-column elementor-element elementor-element-1771462 testimonio\" data-id=\"1771462\" data-element_type=\"column\">\n\t\t\t<div class=\"elementor-widget-wrap elementor-element-populated\">\n\t\t\t\t\t\t<div class=\"elementor-element elementor-element-b2bce61 elementor-position-left elementor-vertical-align-middle elementor-widget elementor-widget-image-box\" data-id=\"b2bce61\" data-element_type=\"widget\" data-widget_type=\"image-box.default\">\n\t\t\t\t<div class=\"elementor-widget-container\">\n\t\t\t\t\t<div class=\"elementor-image-box-wrapper\"><figure class=\"elementor-image-box-img\"><img decoding=\"async\" width=\"130\" height=\"130\" src=\"https:\/\/enlacescorporativos.com\/wp-content\/uploads\/2018\/11\/vanessa.png\" class=\"attachment-full size-full wp-image-1786\" alt=\"\" \/><\/figure><div class=\"elementor-image-box-content\"><h3 class=\"elementor-image-box-title\">Vannesa Castro<\/h3><p class=\"elementor-image-box-description\">Business coaching<\/p><\/div><\/div>\t\t\t\t<\/div>\n\t\t\t\t<\/div>\n\t\t\t\t<div class=\"elementor-element elementor-element-da87b0f elementor-widget elementor-widget-text-editor\" data-id=\"da87b0f\" data-element_type=\"widget\" data-widget_type=\"text-editor.default\">\n\t\t\t\t<div class=\"elementor-widget-container\">\n\t\t\t\t\t\t\t\t\t<p>It's great to have someone take care of the office details while I focus on what's important in my business. Enlaces Corporativos has very professional staff who understand our needs and an excellent location for my clients.<\/p>\t\t\t\t\t\t\t\t<\/div>\n\t\t\t\t<\/div>\n\t\t\t\t\t<\/div>\n\t\t<\/div>\n\t\t\t\t<div class=\"elementor-column elementor-col-33 elementor-inner-column elementor-element elementor-element-be3e56f testimonio\" data-id=\"be3e56f\" data-element_type=\"column\">\n\t\t\t<div class=\"elementor-widget-wrap elementor-element-populated\">\n\t\t\t\t\t\t<div class=\"elementor-element elementor-element-514f81f elementor-position-left elementor-vertical-align-middle elementor-widget elementor-widget-image-box\" data-id=\"514f81f\" data-element_type=\"widget\" data-widget_type=\"image-box.default\">\n\t\t\t\t<div class=\"elementor-widget-container\">\n\t\t\t\t\t<div class=\"elementor-image-box-wrapper\"><figure class=\"elementor-image-box-img\"><img decoding=\"async\" width=\"1516\" height=\"1477\" src=\"https:\/\/enlacescorporativos.com\/wp-content\/uploads\/2018\/10\/EstebanRetocada4-e1540233514317.png\" class=\"attachment-full size-full wp-image-1575\" alt=\"\" srcset=\"https:\/\/enlacescorporativos.com\/wp-content\/uploads\/2018\/10\/EstebanRetocada4-e1540233514317.png 1516w, https:\/\/enlacescorporativos.com\/wp-content\/uploads\/2018\/10\/EstebanRetocada4-e1540233514317-300x292.png 300w, https:\/\/enlacescorporativos.com\/wp-content\/uploads\/2018\/10\/EstebanRetocada4-e1540233514317-768x748.png 768w, https:\/\/enlacescorporativos.com\/wp-content\/uploads\/2018\/10\/EstebanRetocada4-e1540233514317-1024x998.png 1024w\" sizes=\"(max-width: 1516px) 100vw, 1516px\" \/><\/figure><div class=\"elementor-image-box-content\"><h3 class=\"elementor-image-box-title\">Esteban Romero<\/h3><p class=\"elementor-image-box-description\">CEO at RomTI<\/p><\/div><\/div>\t\t\t\t<\/div>\n\t\t\t\t<\/div>\n\t\t\t\t<div class=\"elementor-element elementor-element-ab10988 elementor-widget elementor-widget-text-editor\" data-id=\"ab10988\" data-element_type=\"widget\" data-widget_type=\"text-editor.default\">\n\t\t\t\t<div class=\"elementor-widget-container\">\n\t\t\t\t\t\t\t\t\t<p>Excellent service, it really is a strategic partner for us, they receive our clients as if we were ourselves.<\/p>\t\t\t\t\t\t\t\t<\/div>\n\t\t\t\t<\/div>\n\t\t\t\t\t<\/div>\n\t\t<\/div>\n\t\t\t\t\t<\/div>\n\t\t<\/section>\n\t\t\t\t<section class=\"elementor-section elementor-inner-section elementor-element elementor-element-a62fef2 elementor-section-boxed elementor-section-height-default elementor-section-height-default\" data-id=\"a62fef2\" data-element_type=\"section\">\n\t\t\t\t\t\t<div class=\"elementor-container elementor-column-gap-default\">\n\t\t\t\t\t<div class=\"elementor-column elementor-col-33 elementor-inner-column elementor-element elementor-element-96fe9e2 testimonio\" data-id=\"96fe9e2\" data-element_type=\"column\">\n\t\t\t<div class=\"elementor-widget-wrap elementor-element-populated\">\n\t\t\t\t\t\t<div class=\"elementor-element elementor-element-1e4ce65 elementor-vertical-align-middle elementor-widget elementor-widget-image-box\" data-id=\"1e4ce65\" data-element_type=\"widget\" data-widget_type=\"image-box.default\">\n\t\t\t\t<div class=\"elementor-widget-container\">\n\t\t\t\t\t<div class=\"elementor-image-box-wrapper\"><div class=\"elementor-image-box-content\"><h3 class=\"elementor-image-box-title\">Roger Sherman<\/h3><p class=\"elementor-image-box-description\">General Director Ecocentro Solar SA de CV<\/p><\/div><\/div>\t\t\t\t<\/div>\n\t\t\t\t<\/div>\n\t\t\t\t<div class=\"elementor-element elementor-element-63bb0bd elementor-widget elementor-widget-text-editor\" data-id=\"63bb0bd\" data-element_type=\"widget\" data-widget_type=\"text-editor.default\">\n\t\t\t\t<div class=\"elementor-widget-container\">\n\t\t\t\t\t\t\t\t\t<p>The people at Enlaces Corporativos are always available to support us, receive mail, packages and serve clients when our team is out of the office. In this way, the need to have more fixed elements in an office is significantly reduced and thus have more freedom to visit our clients and carry out tasks outside of it.<\/p><p>\u00a0<\/p>\t\t\t\t\t\t\t\t<\/div>\n\t\t\t\t<\/div>\n\t\t\t\t\t<\/div>\n\t\t<\/div>\n\t\t\t\t<div class=\"elementor-column elementor-col-33 elementor-inner-column elementor-element elementor-element-053810f testimonio\" data-id=\"053810f\" data-element_type=\"column\">\n\t\t\t<div class=\"elementor-widget-wrap elementor-element-populated\">\n\t\t\t\t\t\t<div class=\"elementor-element elementor-element-843707c elementor-vertical-align-middle elementor-widget elementor-widget-image-box\" data-id=\"843707c\" data-element_type=\"widget\" data-widget_type=\"image-box.default\">\n\t\t\t\t<div class=\"elementor-widget-container\">\n\t\t\t\t\t<div class=\"elementor-image-box-wrapper\"><div class=\"elementor-image-box-content\"><h3 class=\"elementor-image-box-title\">V\u00edctor Jos\u00e9 V\u00e1squez Jim\u00e9nez<\/h3><p class=\"elementor-image-box-description\">Legal Representative CENK Consulting<\/p><\/div><\/div>\t\t\t\t<\/div>\n\t\t\t\t<\/div>\n\t\t\t\t<div class=\"elementor-element elementor-element-638c3fc elementor-widget elementor-widget-text-editor\" data-id=\"638c3fc\" data-element_type=\"widget\" data-widget_type=\"text-editor.default\">\n\t\t\t\t<div class=\"elementor-widget-container\">\n\t\t\t\t\t\t\t\t\t<p>It is a pleasant pleasure to be able to express what we feel today and from the moment we decided to acquire virtual office services with Corporate Enlaces.<\/p><p>\u00a0<\/p>\t\t\t\t\t\t\t\t<\/div>\n\t\t\t\t<\/div>\n\t\t\t\t\t<\/div>\n\t\t<\/div>\n\t\t\t\t<div class=\"elementor-column elementor-col-33 elementor-inner-column elementor-element elementor-element-a6c73a8 testimonio\" data-id=\"a6c73a8\" data-element_type=\"column\">\n\t\t\t<div class=\"elementor-widget-wrap elementor-element-populated\">\n\t\t\t\t\t\t<div class=\"elementor-element elementor-element-7f5a2b7 elementor-vertical-align-middle elementor-widget elementor-widget-image-box\" data-id=\"7f5a2b7\" data-element_type=\"widget\" data-widget_type=\"image-box.default\">\n\t\t\t\t<div class=\"elementor-widget-container\">\n\t\t\t\t\t<div class=\"elementor-image-box-wrapper\"><div class=\"elementor-image-box-content\"><h3 class=\"elementor-image-box-title\">Mario Alberto P\u00e9rez Rodr\u00edguez<\/h3><p class=\"elementor-image-box-description\">Representative Fusion Capacitadores S.A. DE C.V.<\/p><\/div><\/div>\t\t\t\t<\/div>\n\t\t\t\t<\/div>\n\t\t\t\t<div class=\"elementor-element elementor-element-f74d0c5 elementor-widget elementor-widget-text-editor\" data-id=\"f74d0c5\" data-element_type=\"widget\" data-widget_type=\"text-editor.default\">\n\t\t\t\t<div class=\"elementor-widget-container\">\n\t\t\t\t\t\t\t\t\t<p>The concept of CORPORATE LINKS seemed and seems attractive to us since we belong to a community at an executive level. The benefits of being in ENLACES CORPORATIVOS are many, to mention some of them, the attention and customer service that both Adri\u00e1n and Lourdes give us, giving it that personal touch which represents a very attractive plus. The added value of belonging to this executive community is feeling at home.<\/p>\t\t\t\t\t\t\t\t<\/div>\n\t\t\t\t<\/div>\n\t\t\t\t\t<\/div>\n\t\t<\/div>\n\t\t\t\t\t<\/div>\n\t\t<\/section>\n\t\t\t\t\t<\/div>\n\t\t<\/div>\n\t\t\t\t\t<\/div>\n\t\t<\/section>\n\t\t\t\t<\/div>","protected":false},"excerpt":{"rendered":"<p>La experiencia de Enlaces Corporativosdesde la voz de nuestros clientes Heidi Wosak AQR MLS Enlaces Corporativos offers a premium location which allows my clients to find me easily, park without hassle, while projecting a clean professional corporate image. Vannesa Castro Coaching Empresarial Es fant\u00e1stico tener quien se ocupe de los detalles de la oficina mientras [&hellip;]<\/p>","protected":false},"author":92,"featured_media":0,"parent":0,"menu_order":0,"comment_status":"closed","ping_status":"open","template":"","meta":{"site-sidebar-layout":"no-sidebar","site-content-layout":"page-builder","ast-site-content-layout":"","site-content-style":"default","site-sidebar-style":"default","ast-global-header-display":"","ast-banner-title-visibility":"","ast-main-header-display":"","ast-hfb-above-header-display":"","ast-hfb-below-header-display":"","ast-hfb-mobile-header-display":"","site-post-title":"disabled","ast-breadcrumbs-content":"","ast-featured-img":"disabled","footer-sml-layout":"","theme-transparent-header-meta":"","adv-header-id-meta":"","stick-header-meta":"","header-above-stick-meta":"","header-main-stick-meta":"","header-below-stick-meta":"","astra-migrate-meta-layouts":"default","ast-page-background-enabled":"default","ast-page-background-meta":{"desktop":{"background-color":"","background-image":"","background-repeat":"repeat","background-position":"center center","background-size":"auto","background-attachment":"scroll","background-type":"","background-media":"","overlay-type":"","overlay-color":"","overlay-opacity":"","overlay-gradient":""},"tablet":{"background-color":"","background-image":"","background-repeat":"repeat","background-position":"center center","background-size":"auto","background-attachment":"scroll","background-type":"","background-media":"","overlay-type":"","overlay-color":"","overlay-opacity":"","overlay-gradient":""},"mobile":{"background-color":"","background-image":"","background-repeat":"repeat","background-position":"center center","background-size":"auto","background-attachment":"scroll","background-type":"","background-media":"","overlay-type":"","overlay-color":"","overlay-opacity":"","overlay-gradient":""}},"ast-content-background-meta":{"desktop":{"background-color":"var(--ast-global-color-5)","background-image":"","background-repeat":"repeat","background-position":"center center","background-size":"auto","background-attachment":"scroll","background-type":"","background-media":"","overlay-type":"","overlay-color":"","overlay-opacity":"","overlay-gradient":""},"tablet":{"background-color":"var(--ast-global-color-5)","background-image":"","background-repeat":"repeat","background-position":"center center","background-size":"auto","background-attachment":"scroll","background-type":"","background-media":"","overlay-type":"","overlay-color":"","overlay-opacity":"","overlay-gradient":""},"mobile":{"background-color":"var(--ast-global-color-5)","background-image":"","background-repeat":"repeat","background-position":"center center","background-size":"auto","background-attachment":"scroll","background-type":"","background-media":"","overlay-type":"","overlay-color":"","overlay-opacity":"","overlay-gradient":""}},"footnotes":""},"class_list":["post-10594","page","type-page","status-publish","hentry"],"_links":{"self":[{"href":"https:\/\/enlacescorporativos.com\/en\/wp-json\/wp\/v2\/pages\/10594","targetHints":{"allow":["GET"]}}],"collection":[{"href":"https:\/\/enlacescorporativos.com\/en\/wp-json\/wp\/v2\/pages"}],"about":[{"href":"https:\/\/enlacescorporativos.com\/en\/wp-json\/wp\/v2\/types\/page"}],"author":[{"embeddable":true,"href":"https:\/\/enlacescorporativos.com\/en\/wp-json\/wp\/v2\/users\/92"}],"replies":[{"embeddable":true,"href":"https:\/\/enlacescorporativos.com\/en\/wp-json\/wp\/v2\/comments?post=10594"}],"version-history":[{"count":6,"href":"https:\/\/enlacescorporativos.com\/en\/wp-json\/wp\/v2\/pages\/10594\/revisions"}],"predecessor-version":[{"id":10738,"href":"https:\/\/enlacescorporativos.com\/en\/wp-json\/wp\/v2\/pages\/10594\/revisions\/10738"}],"wp:attachment":[{"href":"https:\/\/enlacescorporativos.com\/en\/wp-json\/wp\/v2\/media?parent=10594"}],"curies":[{"name":"wp","href":"https:\/\/api.w.org\/{rel}","templated":true}]}}